{"id":2285,"date":"2021-11-17T16:42:46","date_gmt":"2021-11-17T15:42:46","guid":{"rendered":"https:\/\/preprod-lesmarsouins.cielavillage.com\/?page_id=2285"},"modified":"2023-12-08T15:22:42","modified_gmt":"2023-12-08T14:22:42","slug":"aviso-legal","status":"publish","type":"page","link":"https:\/\/preprod-lesmarsouins.cielavillage.com\/es\/aviso-legal\/","title":{"rendered":"Aviso legal"},"content":{"rendered":"\n<h3 class=\"wp-block-heading\">Pre\u00e1mbulo<\/h3>\n\n\n\n<p>Estas Condiciones Generales de Utilizaci\u00f3n determinan las reglas de acceso al este sitio y sus condiciones de utilizaci\u00f3n que todo usuario reconoce aceptar, sin reserva, por el mero hecho de su conexi\u00f3n al sitio.<\/p>\n\n\n\n<h3 class=\"wp-block-heading\">Aviso legal<\/h3>\n\n\n\n<p>En conformidad con las disposiciones del art\u00edculo 6 III-1 de la ley n\u00b0 2004-575 de 21 de junio de 2004 para la confianza en la econom\u00eda digital, le informamos que el sitio preprod-lesmarsouins.cielavillage.com (a continuaci\u00f3n el \u201cSitio\u201d) est\u00e1 editado por<br>Grupo GB<br>Tel.: +33(0)4 94 291 690<br>SAS con un capital de 1\u00a0776 366, 82 Euros &#8211; RCS Toulon 413 562 604                                                                     IVA intracomunitario FR12413562604<br>Le Pergol\u00e8se, 1155 Avenue dei Reganeu, 83150 BANDOL &#8211; FRANCIA<br>El Director de la publicaci\u00f3n es Thierry Bouchard.<\/p>\n\n\n\n<h3 class=\"wp-block-heading\">Alojamiento web<\/h3>\n\n\n\n<p>OVH<br>SAS con un capital de 10 059 500 \u20ac<br>RCS Lille M\u00e9tropole 424 761 419 00045<br>C\u00f3digo APE 6202A<br>N\u00b0 IVA: FR 22 424 761 419<br>Sede social: 2 rue Kellermann &#8211; 59100 Roubaix \u2013 Francia<\/p>\n\n\n\n<h3 class=\"wp-block-heading\">Grafismo y desarrollo<\/h3>\n\n\n\n<p>M7creation<br>Tel.: + 33 (0)6 16 21 81 70<br>http:\/\/www.m7creation.com<\/p>\n\n\n\n<h3 class=\"wp-block-heading\">Protecci\u00f3n de los datos personales<\/h3>\n\n\n\n<p>Groupe GB utiliza los datos personales del internauta como informaciones confidenciales. Ser\u00e1n utilizadas \u00fanicamente por los servicios internos de Ciela Village, para el tratamiento de su solicitud y para reforzar y personalizar la comunicaci\u00f3n y la oferta de servicios reservados a los clientes.<br>En conformidad con la ley inform\u00e1tica y libertades de 6 de enero de 1978, dispone de un derecho de acceso, rectificaci\u00f3n y oposici\u00f3n a sus datos personales. Para ello basta con solicit\u00e1rnoslo por correo a la direcci\u00f3n siguiente indic\u00e1ndonos sus apellidos, nombre y direcci\u00f3n a Groupe GB, Ciela Village Le Pergol\u00e8se 1155 Avenue dei Reganeu 83150 Bandol, Francia.<\/p>\n\n\n\n<h3 class=\"wp-block-heading\">Propiedad intelectual<\/h3>\n\n\n\n<p>Cualquier utilizaci\u00f3n en forma de reproducci\u00f3n, desnaturalizaci\u00f3n, transmisi\u00f3n o distribuci\u00f3n de una informaci\u00f3n que figura en el Sitio est\u00e1 sometida a la autorizaci\u00f3n por escrito y previa de Groupe GB, aparte de la copia de uso privado y no comercial (c\u00edrculo familiar). Cualquier explotaci\u00f3n no autorizada del Sitio o de su contenido comprometer\u00eda la responsabilidad del internauta y constituir\u00eda una falsificaci\u00f3n.<\/p>\n\n\n\n<h3 class=\"wp-block-heading\">L\u00edmite de Responsabilidad y Exclusiones de Garant\u00eda<\/h3>\n\n\n\n<p>Groupe GB se esfuerza por cerciorarse de la veracidad de las informaciones transmitidas en el Sitio y por actualizar el sitio regularmente. No obstante, pueden observarse informaciones err\u00f3neas u omisiones. No se garantiza la exactitud de las informaciones presentes sobre el Sitio. Groupe GB se reserva el derecho de modificar el Sitio y de suspender sus funcionalidades en cualquier momento y sin aviso previo.<br>Groupe GB no puede garantizar el acceso continuo al sitio: puede ocurrir que el servicio se interrumpa por problemas de mantenimiento o inform\u00e1ticos, una perturbaci\u00f3n del servicio de Internet u otras circunstancias imprevistas. Asimismo, Groupe GB no es responsable de los retrasos, las dificultades de utilizaci\u00f3n, o la incompatibilidad entre este sitio y los archivos o el navegador.<\/p>\n\n\n\n<h3 class=\"wp-block-heading\">Cookies<\/h3>\n\n\n\n<p>Visitando nuestro sitio, se le atribuir\u00e1 una \u201ccookie\u201d (peque\u00f1o archivo de texto) permanente y se almacenar\u00e1 en el disco duro de su ordenador. La cookie permite identificarle cuando visita nuestro sitio con objeto de que podamos mejorar su navegaci\u00f3n en el sitio y personalizar su experiencia online: reconocimiento autom\u00e1tico, memorizaci\u00f3n de sus residencias favoritas, etc.<br>Tambi\u00e9n recogemos informaciones t\u00e9cnicas sobre su ordenador cada vez que usted abre una p\u00e1gina en su visita a nuestros sitios. Estas informaciones se refieren a su direcci\u00f3n IP (protocolo Internet), el sistema operativo utilizado, el tipo de navegador y, llegado el caso, la direcci\u00f3n de un sitio Web de procedencia. Recogemos estas informaciones para mejorar la calidad de su experiencia durante su visita a nuestro sitio, y no vendemos ni cedemos estas informaciones a terceros.<br>La mayor\u00eda de los navegadores aceptan autom\u00e1ticamente estas cookies, pero usted puede suprimirlos o activar el rechazo de las cookies. Dado que cada navegador es diferente, debe verificar en el men\u00fa \u201cAyuda\u201d del suyo c\u00f3mo modificar las preferencias en materia de cookies. El comportamiento del sitio es el mismo y el conjunto de las funcionalidades sigue siendo accesible.<\/p>\n\n\n\n<h3 class=\"wp-block-heading\">Creaciones de hipertextos<\/h3>\n\n\n\n<p>Para facilitar el acceso a otros sitios que pueden proporcionar informaci\u00f3n complementaria, Groupe GB insert\u00f3 en el Sitio cierto n\u00famero de enlaces. Sin embargo, Groupe GB no se responsabiliza en concepto de un sitio tercero al que tenga acceso el internauta a trav\u00e9s de nuestro Sitio. Dado que Groupe GB no dispone de medios de control del contenido de estos sitios, no podr\u00e1 ser considerado responsable de su indisponibilidad, contenido, publicidad u otros elementos. Inversamente, otros sitios externos pueden contener enlaces hipertextos dirigidos al Sitio. Estos enlaces no podr\u00e1n instalarse sin el acuerdo previo y por escrito de Groupe GB.<\/p>\n\n\n\n<h3 class=\"wp-block-heading\">Newsletters<\/h3>\n\n\n\n<p>Si se inscribe en el Sitio para recibir las newsletters de Ciela Village, se le enviar\u00e1n por E-mail informaciones sobre nuestras prestaciones. Estos correos tienen un car\u00e1cter informativo y podr\u00e1n eliminar su inscripci\u00f3n en cualquier momento haciendo clic en el enlace correspondiente abajo de la newsletter.<\/p>\n\n\n\n<h3 class=\"wp-block-heading\">Concursos y Juegos<\/h3>\n\n\n\n<p>Groupe GB propone en algunos per\u00edodos concursos, juegos gratuitos y promociones en el Sitio. Est\u00e1n regidos por disposiciones especiales accesibles en las p\u00e1ginas Internet espec\u00edficas.<\/p>\n\n\n\n<h3 class=\"wp-block-heading\">Ley aplicable<\/h3>\n\n\n\n<p>El sitio y su contenido est\u00e1n regidos por la Ley francesa.<\/p>\n\n\n\n<h3 class=\"wp-block-heading\">Contacto<\/h3>\n\n\n\n<p>Para cualquier observaci\u00f3n sobre el funcionamiento del Sitio, puede ponerse en contacto con nosotros por correo electr\u00f3nico <a href=\"https:\/\/preprod-lesmarsouins.cielavillage.com\/es\/contactar\/\">aqu\u00ed.<\/a><\/p>\n","protected":false},"excerpt":{"rendered":"<p>Pre\u00e1mbulo Estas Condiciones Generales de Utilizaci\u00f3n determinan las reglas de acceso al este sitio y sus condiciones de utilizaci\u00f3n que todo usuario reconoce aceptar, sin reserva, por el mero hecho de su conexi\u00f3n al sitio. Aviso legal En conformidad con las disposiciones del art\u00edculo 6 III-1 de la ley n\u00b0 2004-575 de 21 de junio [&hellip;]<\/p>\n","protected":false},"author":1,"featured_media":0,"parent":0,"menu_order":54,"comment_status":"closed","ping_status":"closed","template":"","meta":{"_acf_changed":false,"footnotes":""},"class_list":["post-2285","page","type-page","status-publish","hentry"],"acf":[],"yoast_head":"<!-- This site is optimized with the Yoast SEO plugin v27.3 - https:\/\/yoast.com\/product\/yoast-seo-wordpress\/ -->\n<title>Aviso legal - Camping Les Marsouins<\/title>\n<meta name=\"robots\" content=\"index, follow, max-snippet:-1, max-image-preview:large, max-video-preview:-1\" \/>\n<link rel=\"canonical\" href=\"https:\/\/preprod-lesmarsouins.cielavillage.com\/es\/aviso-legal\/\" \/>\n<meta property=\"og:locale\" content=\"es_ES\" \/>\n<meta property=\"og:type\" content=\"article\" \/>\n<meta property=\"og:title\" content=\"Aviso legal - Camping Les Marsouins\" \/>\n<meta property=\"og:description\" content=\"Pre\u00e1mbulo Estas Condiciones Generales de Utilizaci\u00f3n determinan las reglas de acceso al este sitio y sus condiciones de utilizaci\u00f3n que todo usuario reconoce aceptar, sin reserva, por el mero hecho de su conexi\u00f3n al sitio. Aviso legal En conformidad con las disposiciones del art\u00edculo 6 III-1 de la ley n\u00b0 2004-575 de 21 de junio [&hellip;]\" \/>\n<meta property=\"og:url\" content=\"https:\/\/preprod-lesmarsouins.cielavillage.com\/es\/aviso-legal\/\" \/>\n<meta property=\"og:site_name\" content=\"Camping Les Marsouins\" \/>\n<meta property=\"article:modified_time\" content=\"2023-12-08T14:22:42+00:00\" \/>\n<meta name=\"twitter:card\" content=\"summary_large_image\" \/>\n<meta name=\"twitter:label1\" content=\"Tiempo de lectura\" \/>\n\t<meta name=\"twitter:data1\" content=\"4 minutos\" \/>\n<script type=\"application\/ld+json\" class=\"yoast-schema-graph\">{\"@context\":\"https:\\\/\\\/schema.org\",\"@graph\":[{\"@type\":\"WebPage\",\"@id\":\"https:\\\/\\\/preprod-lesmarsouins.cielavillage.com\\\/es\\\/aviso-legal\\\/\",\"url\":\"https:\\\/\\\/preprod-lesmarsouins.cielavillage.com\\\/es\\\/aviso-legal\\\/\",\"name\":\"Aviso legal - Camping Les Marsouins\",\"isPartOf\":{\"@id\":\"https:\\\/\\\/preprod-lesmarsouins.cielavillage.com\\\/#website\"},\"datePublished\":\"2021-11-17T15:42:46+00:00\",\"dateModified\":\"2023-12-08T14:22:42+00:00\",\"breadcrumb\":{\"@id\":\"https:\\\/\\\/preprod-lesmarsouins.cielavillage.com\\\/es\\\/aviso-legal\\\/#breadcrumb\"},\"inLanguage\":\"es\",\"potentialAction\":[{\"@type\":\"ReadAction\",\"target\":[\"https:\\\/\\\/preprod-lesmarsouins.cielavillage.com\\\/es\\\/aviso-legal\\\/\"]}]},{\"@type\":\"BreadcrumbList\",\"@id\":\"https:\\\/\\\/preprod-lesmarsouins.cielavillage.com\\\/es\\\/aviso-legal\\\/#breadcrumb\",\"itemListElement\":[{\"@type\":\"ListItem\",\"position\":1,\"name\":\"Camping Argel\u00e8s Les Marsouins &gt;&nbsp;\",\"item\":\"https:\\\/\\\/preprod-lesmarsouins.cielavillage.com\\\/es\\\/\"},{\"@type\":\"ListItem\",\"position\":2,\"name\":\"Aviso legal\"}]},{\"@type\":\"WebSite\",\"@id\":\"https:\\\/\\\/preprod-lesmarsouins.cielavillage.com\\\/#website\",\"url\":\"https:\\\/\\\/preprod-lesmarsouins.cielavillage.com\\\/\",\"name\":\"Camping Les Marsouins\",\"description\":\"Camping Les Marsouins\",\"potentialAction\":[{\"@type\":\"SearchAction\",\"target\":{\"@type\":\"EntryPoint\",\"urlTemplate\":\"https:\\\/\\\/preprod-lesmarsouins.cielavillage.com\\\/?s={search_term_string}\"},\"query-input\":{\"@type\":\"PropertyValueSpecification\",\"valueRequired\":true,\"valueName\":\"search_term_string\"}}],\"inLanguage\":\"es\"}]}<\/script>\n<!-- \/ Yoast SEO plugin. -->","yoast_head_json":{"title":"Aviso legal - Camping Les Marsouins","robots":{"index":"index","follow":"follow","max-snippet":"max-snippet:-1","max-image-preview":"max-image-preview:large","max-video-preview":"max-video-preview:-1"},"canonical":"https:\/\/preprod-lesmarsouins.cielavillage.com\/es\/aviso-legal\/","og_locale":"es_ES","og_type":"article","og_title":"Aviso legal - Camping Les Marsouins","og_description":"Pre\u00e1mbulo Estas Condiciones Generales de Utilizaci\u00f3n determinan las reglas de acceso al este sitio y sus condiciones de utilizaci\u00f3n que todo usuario reconoce aceptar, sin reserva, por el mero hecho de su conexi\u00f3n al sitio. Aviso legal En conformidad con las disposiciones del art\u00edculo 6 III-1 de la ley n\u00b0 2004-575 de 21 de junio [&hellip;]","og_url":"https:\/\/preprod-lesmarsouins.cielavillage.com\/es\/aviso-legal\/","og_site_name":"Camping Les Marsouins","article_modified_time":"2023-12-08T14:22:42+00:00","twitter_card":"summary_large_image","twitter_misc":{"Tiempo de lectura":"4 minutos"},"schema":{"@context":"https:\/\/schema.org","@graph":[{"@type":"WebPage","@id":"https:\/\/preprod-lesmarsouins.cielavillage.com\/es\/aviso-legal\/","url":"https:\/\/preprod-lesmarsouins.cielavillage.com\/es\/aviso-legal\/","name":"Aviso legal - Camping Les Marsouins","isPartOf":{"@id":"https:\/\/preprod-lesmarsouins.cielavillage.com\/#website"},"datePublished":"2021-11-17T15:42:46+00:00","dateModified":"2023-12-08T14:22:42+00:00","breadcrumb":{"@id":"https:\/\/preprod-lesmarsouins.cielavillage.com\/es\/aviso-legal\/#breadcrumb"},"inLanguage":"es","potentialAction":[{"@type":"ReadAction","target":["https:\/\/preprod-lesmarsouins.cielavillage.com\/es\/aviso-legal\/"]}]},{"@type":"BreadcrumbList","@id":"https:\/\/preprod-lesmarsouins.cielavillage.com\/es\/aviso-legal\/#breadcrumb","itemListElement":[{"@type":"ListItem","position":1,"name":"Camping Argel\u00e8s Les Marsouins &gt;&nbsp;","item":"https:\/\/preprod-lesmarsouins.cielavillage.com\/es\/"},{"@type":"ListItem","position":2,"name":"Aviso legal"}]},{"@type":"WebSite","@id":"https:\/\/preprod-lesmarsouins.cielavillage.com\/#website","url":"https:\/\/preprod-lesmarsouins.cielavillage.com\/","name":"Camping Les Marsouins","description":"Camping Les Marsouins","potentialAction":[{"@type":"SearchAction","target":{"@type":"EntryPoint","urlTemplate":"https:\/\/preprod-lesmarsouins.cielavillage.com\/?s={search_term_string}"},"query-input":{"@type":"PropertyValueSpecification","valueRequired":true,"valueName":"search_term_string"}}],"inLanguage":"es"}]}},"_links":{"self":[{"href":"https:\/\/preprod-lesmarsouins.cielavillage.com\/es\/wp-json\/wp\/v2\/pages\/2285","targetHints":{"allow":["GET"]}}],"collection":[{"href":"https:\/\/preprod-lesmarsouins.cielavillage.com\/es\/wp-json\/wp\/v2\/pages"}],"about":[{"href":"https:\/\/preprod-lesmarsouins.cielavillage.com\/es\/wp-json\/wp\/v2\/types\/page"}],"author":[{"embeddable":true,"href":"https:\/\/preprod-lesmarsouins.cielavillage.com\/es\/wp-json\/wp\/v2\/users\/1"}],"replies":[{"embeddable":true,"href":"https:\/\/preprod-lesmarsouins.cielavillage.com\/es\/wp-json\/wp\/v2\/comments?post=2285"}],"version-history":[{"count":3,"href":"https:\/\/preprod-lesmarsouins.cielavillage.com\/es\/wp-json\/wp\/v2\/pages\/2285\/revisions"}],"predecessor-version":[{"id":5112,"href":"https:\/\/preprod-lesmarsouins.cielavillage.com\/es\/wp-json\/wp\/v2\/pages\/2285\/revisions\/5112"}],"wp:attachment":[{"href":"https:\/\/preprod-lesmarsouins.cielavillage.com\/es\/wp-json\/wp\/v2\/media?parent=2285"}],"curies":[{"name":"wp","href":"https:\/\/api.w.org\/{rel}","templated":true}]}}