{"id":4110,"date":"2023-02-16T12:57:19","date_gmt":"2023-02-16T11:57:19","guid":{"rendered":"https:\/\/preprod-lesmarsouins.cielavillage.com\/?page_id=4110"},"modified":"2025-03-21T10:36:47","modified_gmt":"2025-03-21T09:36:47","slug":"carte-des-campings","status":"publish","type":"page","link":"https:\/\/preprod-lesmarsouins.cielavillage.com\/de\/carte-des-campings\/","title":{"rendered":"Ciela Village: hochwertige Campingaufenthalte in Frankreich"},"content":{"rendered":"\n<p>Ciela Village, eine Familiengruppe von Sterne-Campingpl\u00e4tzen in Frankreich, l\u00e4dt Sie ein, den Campingurlaub neu zu entdecken!<\/p>\n\n\n\n<p>Nichts ist uns wichtiger als das Wohlbefinden unserer Urlaubsg\u00e4ste \u2013 vor Ort legen wir deshalb Wert auf eine familienfreundliche, herzliche Atmosph\u00e4re. Wir geben uns gro\u00dfe M\u00fche, Ihnen eine einzigartige Erfahrung zu erm\u00f6glichen, an die Sie sich noch lange erinnern!<\/p>\n\n\n\n<p>Inmitten unserer Sterne-Einrichtungen k\u00f6nnen Sie besondere Momente mit Ihren Lieben erleben und von der nat\u00fcrlichen Umgebung, den hochwertigen Unterk\u00fcnften, den Wasserparadiesen, den Freizeitaktivit\u00e4ten und Animationen f\u00fcr Gro\u00df und Klein profitieren.&nbsp;<\/p>\n\n\n\n<p>Lassen Sie sich von unseren Campingpl\u00e4tzen \u00fcberraschen: Wir versprechen Ihnen einen unvergesslichen Urlaub!<\/p>\n\n\n\n<p>Erhalten Sie alle detaillierten Informationen \u00fcber unsere Campingpl\u00e4tze, indem Sie unsere <a href=\"https:\/\/cielavillage.fr\/\">Ciela Village Website<\/a> besuchen!<\/p>\n\n\n\n<h2 class=\"wp-block-heading\">Unsere Campingpl\u00e4tze in Frankreich<\/h2>\n","protected":false},"excerpt":{"rendered":"<p>Ciela Village, eine Familiengruppe von Sterne-Campingpl\u00e4tzen in Frankreich, l\u00e4dt Sie ein, den Campingurlaub neu zu entdecken! Nichts ist uns wichtiger als das Wohlbefinden unserer Urlaubsg\u00e4ste \u2013 vor Ort legen wir deshalb Wert auf eine familienfreundliche, herzliche Atmosph\u00e4re. Wir geben uns gro\u00dfe M\u00fche, Ihnen eine einzigartige Erfahrung zu erm\u00f6glichen, an die Sie sich noch lange erinnern! [&hellip;]<\/p>\n","protected":false},"author":1,"featured_media":0,"parent":0,"menu_order":0,"comment_status":"closed","ping_status":"closed","template":"","meta":{"_acf_changed":false,"footnotes":""},"class_list":["post-4110","page","type-page","status-publish","hentry"],"acf":[],"yoast_head":"<!-- This site is optimized with the Yoast SEO plugin v27.3 - https:\/\/yoast.com\/product\/yoast-seo-wordpress\/ -->\n<title>Ciela Village: hochwertige Campingaufenthalte in Frankreich - Camping Les Marsouins<\/title>\n<meta name=\"robots\" content=\"index, follow, max-snippet:-1, max-image-preview:large, max-video-preview:-1\" \/>\n<link rel=\"canonical\" href=\"https:\/\/preprod-lesmarsouins.cielavillage.com\/de\/carte-des-campings\/\" \/>\n<meta property=\"og:locale\" content=\"de_DE\" \/>\n<meta property=\"og:type\" content=\"article\" \/>\n<meta property=\"og:title\" content=\"Ciela Village: hochwertige Campingaufenthalte in Frankreich - Camping Les Marsouins\" \/>\n<meta property=\"og:description\" content=\"Ciela Village, eine Familiengruppe von Sterne-Campingpl\u00e4tzen in Frankreich, l\u00e4dt Sie ein, den Campingurlaub neu zu entdecken! Nichts ist uns wichtiger als das Wohlbefinden unserer Urlaubsg\u00e4ste \u2013 vor Ort legen wir deshalb Wert auf eine familienfreundliche, herzliche Atmosph\u00e4re. Wir geben uns gro\u00dfe M\u00fche, Ihnen eine einzigartige Erfahrung zu erm\u00f6glichen, an die Sie sich noch lange erinnern! [&hellip;]\" \/>\n<meta property=\"og:url\" content=\"https:\/\/preprod-lesmarsouins.cielavillage.com\/de\/carte-des-campings\/\" \/>\n<meta property=\"og:site_name\" content=\"Camping Les Marsouins\" \/>\n<meta property=\"article:modified_time\" content=\"2025-03-21T09:36:47+00:00\" \/>\n<meta name=\"twitter:card\" content=\"summary_large_image\" \/>\n<meta name=\"twitter:label1\" content=\"Gesch\u00e4tzte Lesezeit\" \/>\n\t<meta name=\"twitter:data1\" content=\"1\u00a0Minute\" \/>\n<script type=\"application\/ld+json\" class=\"yoast-schema-graph\">{\"@context\":\"https:\\\/\\\/schema.org\",\"@graph\":[{\"@type\":\"WebPage\",\"@id\":\"https:\\\/\\\/preprod-lesmarsouins.cielavillage.com\\\/de\\\/carte-des-campings\\\/\",\"url\":\"https:\\\/\\\/preprod-lesmarsouins.cielavillage.com\\\/de\\\/carte-des-campings\\\/\",\"name\":\"Ciela Village: hochwertige Campingaufenthalte in Frankreich - Camping Les Marsouins\",\"isPartOf\":{\"@id\":\"https:\\\/\\\/preprod-lesmarsouins.cielavillage.com\\\/#website\"},\"datePublished\":\"2023-02-16T11:57:19+00:00\",\"dateModified\":\"2025-03-21T09:36:47+00:00\",\"breadcrumb\":{\"@id\":\"https:\\\/\\\/preprod-lesmarsouins.cielavillage.com\\\/de\\\/carte-des-campings\\\/#breadcrumb\"},\"inLanguage\":\"de\",\"potentialAction\":[{\"@type\":\"ReadAction\",\"target\":[\"https:\\\/\\\/preprod-lesmarsouins.cielavillage.com\\\/de\\\/carte-des-campings\\\/\"]}]},{\"@type\":\"BreadcrumbList\",\"@id\":\"https:\\\/\\\/preprod-lesmarsouins.cielavillage.com\\\/de\\\/carte-des-campings\\\/#breadcrumb\",\"itemListElement\":[{\"@type\":\"ListItem\",\"position\":1,\"name\":\"Camping Argel\u00e8s Les Marsouins &gt;&nbsp;\",\"item\":\"https:\\\/\\\/preprod-lesmarsouins.cielavillage.com\\\/de\\\/\"},{\"@type\":\"ListItem\",\"position\":2,\"name\":\"Ciela Village: hochwertige Campingaufenthalte in Frankreich\"}]},{\"@type\":\"WebSite\",\"@id\":\"https:\\\/\\\/preprod-lesmarsouins.cielavillage.com\\\/#website\",\"url\":\"https:\\\/\\\/preprod-lesmarsouins.cielavillage.com\\\/\",\"name\":\"Camping Les Marsouins\",\"description\":\"Camping Les Marsouins\",\"potentialAction\":[{\"@type\":\"SearchAction\",\"target\":{\"@type\":\"EntryPoint\",\"urlTemplate\":\"https:\\\/\\\/preprod-lesmarsouins.cielavillage.com\\\/?s={search_term_string}\"},\"query-input\":{\"@type\":\"PropertyValueSpecification\",\"valueRequired\":true,\"valueName\":\"search_term_string\"}}],\"inLanguage\":\"de\"}]}<\/script>\n<!-- \/ Yoast SEO plugin. -->","yoast_head_json":{"title":"Ciela Village: hochwertige Campingaufenthalte in Frankreich - Camping Les Marsouins","robots":{"index":"index","follow":"follow","max-snippet":"max-snippet:-1","max-image-preview":"max-image-preview:large","max-video-preview":"max-video-preview:-1"},"canonical":"https:\/\/preprod-lesmarsouins.cielavillage.com\/de\/carte-des-campings\/","og_locale":"de_DE","og_type":"article","og_title":"Ciela Village: hochwertige Campingaufenthalte in Frankreich - Camping Les Marsouins","og_description":"Ciela Village, eine Familiengruppe von Sterne-Campingpl\u00e4tzen in Frankreich, l\u00e4dt Sie ein, den Campingurlaub neu zu entdecken! Nichts ist uns wichtiger als das Wohlbefinden unserer Urlaubsg\u00e4ste \u2013 vor Ort legen wir deshalb Wert auf eine familienfreundliche, herzliche Atmosph\u00e4re. Wir geben uns gro\u00dfe M\u00fche, Ihnen eine einzigartige Erfahrung zu erm\u00f6glichen, an die Sie sich noch lange erinnern! [&hellip;]","og_url":"https:\/\/preprod-lesmarsouins.cielavillage.com\/de\/carte-des-campings\/","og_site_name":"Camping Les Marsouins","article_modified_time":"2025-03-21T09:36:47+00:00","twitter_card":"summary_large_image","twitter_misc":{"Gesch\u00e4tzte Lesezeit":"1\u00a0Minute"},"schema":{"@context":"https:\/\/schema.org","@graph":[{"@type":"WebPage","@id":"https:\/\/preprod-lesmarsouins.cielavillage.com\/de\/carte-des-campings\/","url":"https:\/\/preprod-lesmarsouins.cielavillage.com\/de\/carte-des-campings\/","name":"Ciela Village: hochwertige Campingaufenthalte in Frankreich - Camping Les Marsouins","isPartOf":{"@id":"https:\/\/preprod-lesmarsouins.cielavillage.com\/#website"},"datePublished":"2023-02-16T11:57:19+00:00","dateModified":"2025-03-21T09:36:47+00:00","breadcrumb":{"@id":"https:\/\/preprod-lesmarsouins.cielavillage.com\/de\/carte-des-campings\/#breadcrumb"},"inLanguage":"de","potentialAction":[{"@type":"ReadAction","target":["https:\/\/preprod-lesmarsouins.cielavillage.com\/de\/carte-des-campings\/"]}]},{"@type":"BreadcrumbList","@id":"https:\/\/preprod-lesmarsouins.cielavillage.com\/de\/carte-des-campings\/#breadcrumb","itemListElement":[{"@type":"ListItem","position":1,"name":"Camping Argel\u00e8s Les Marsouins &gt;&nbsp;","item":"https:\/\/preprod-lesmarsouins.cielavillage.com\/de\/"},{"@type":"ListItem","position":2,"name":"Ciela Village: hochwertige Campingaufenthalte in Frankreich"}]},{"@type":"WebSite","@id":"https:\/\/preprod-lesmarsouins.cielavillage.com\/#website","url":"https:\/\/preprod-lesmarsouins.cielavillage.com\/","name":"Camping Les Marsouins","description":"Camping Les Marsouins","potentialAction":[{"@type":"SearchAction","target":{"@type":"EntryPoint","urlTemplate":"https:\/\/preprod-lesmarsouins.cielavillage.com\/?s={search_term_string}"},"query-input":{"@type":"PropertyValueSpecification","valueRequired":true,"valueName":"search_term_string"}}],"inLanguage":"de"}]}},"_links":{"self":[{"href":"https:\/\/preprod-lesmarsouins.cielavillage.com\/de\/wp-json\/wp\/v2\/pages\/4110","targetHints":{"allow":["GET"]}}],"collection":[{"href":"https:\/\/preprod-lesmarsouins.cielavillage.com\/de\/wp-json\/wp\/v2\/pages"}],"about":[{"href":"https:\/\/preprod-lesmarsouins.cielavillage.com\/de\/wp-json\/wp\/v2\/types\/page"}],"author":[{"embeddable":true,"href":"https:\/\/preprod-lesmarsouins.cielavillage.com\/de\/wp-json\/wp\/v2\/users\/1"}],"replies":[{"embeddable":true,"href":"https:\/\/preprod-lesmarsouins.cielavillage.com\/de\/wp-json\/wp\/v2\/comments?post=4110"}],"version-history":[{"count":27,"href":"https:\/\/preprod-lesmarsouins.cielavillage.com\/de\/wp-json\/wp\/v2\/pages\/4110\/revisions"}],"predecessor-version":[{"id":8346,"href":"https:\/\/preprod-lesmarsouins.cielavillage.com\/de\/wp-json\/wp\/v2\/pages\/4110\/revisions\/8346"}],"wp:attachment":[{"href":"https:\/\/preprod-lesmarsouins.cielavillage.com\/de\/wp-json\/wp\/v2\/media?parent=4110"}],"curies":[{"name":"wp","href":"https:\/\/api.w.org\/{rel}","templated":true}]}}